{"id":1175,"date":"2025-09-30T10:54:43","date_gmt":"2025-09-30T10:54:43","guid":{"rendered":"https:\/\/hypertrophytenerife.es\/?post_type=product&#038;p=1175"},"modified":"2025-10-16T16:44:51","modified_gmt":"2025-10-16T16:44:51","slug":"glutamina-limon-315gr","status":"publish","type":"product","link":"https:\/\/hypertrophytenerife.es\/?product=glutamina-limon-315gr","title":{"rendered":"GLUTAMINA DE LIM\u00d3N 315GR"},"content":{"rendered":"<p>&nbsp;<\/p>\n<p><b>BENEFICIOS<\/b><br \/>\n&#8211; Promueve una correcta recuperaci\u00f3n muscular<\/p>\n<p>&#8211; Mejora el sistema inmunol\u00f3gico y nervioso<\/p>\n<p>&#8211; Favorece la construcci\u00f3n de m\u00fasculo<\/p>\n<p>&#8211; Protege la masa muscular<\/p>\n<p>&#8211; Combate la debilidad muscular<\/p>\n<p>&#8211; Reduce la fatiga y el cansancio<\/p>\n<p>&#8211; Ayuda a incrementar el volumen muscular<\/p>\n<p>&#8211; Ayuda a mejorar el rendimiento y la resistencia<\/p>\n<p><b>MODO DE EMPLEO<\/b><\/p>\n<p>Tomar 5 g de producto disuelto en 200 ml de agua o zumo despu\u00e9s del ejercicio<\/p>\n<p><b><br \/>\nINGREDIENTES<br \/>\n<\/b><\/p>\n<p>L-Glutamina, Vitamina B6<\/p>\n","protected":false},"excerpt":{"rendered":"<p><img decoding=\"async\" class=\"\" src=\"https:\/\/www.hypertrophynutrition.com\/img\/m\/1-small_default.jpg\" alt=\"Hypertrophy Nutrition\" width=\"76\" height=\"76\" \/><\/p>\n<p><strong>Maximiza tu construcci\u00f3n muscular con nuestra L-Glutamina en polvo micronizada<\/strong>. Este amino\u00e1cido esencial es fundamental como el mayor y m\u00e1s natural anticatab\u00f3lico, protegiendo tus m\u00fasculos durante periodos de alto estr\u00e9s f\u00edsico. Con la garant\u00eda de su patente registrada, puedes confiar en que nuestra L-Glutamina en polvo proporciona una protecci\u00f3n completa de la masa muscular, asegurando un ambiente \u00f3ptimo para el crecimiento y recuperaci\u00f3n muscular. A\u00f1ade este potente suplemento a tu r\u00e9gimen diario y lleva tus ganancias musculares al siguiente nivel con confianza.<\/p>\n","protected":false},"featured_media":1176,"comment_status":"open","ping_status":"closed","template":"","meta":[],"product_brand":[],"product_cat":[26],"product_tag":[],"class_list":{"0":"post-1175","1":"product","2":"type-product","3":"status-publish","4":"has-post-thumbnail","6":"product_cat-hypertrophy","8":"first","9":"instock","10":"shipping-taxable","11":"purchasable","12":"product-type-simple"},"_links":{"self":[{"href":"https:\/\/hypertrophytenerife.es\/index.php?rest_route=\/wp\/v2\/product\/1175","targetHints":{"allow":["GET"]}}],"collection":[{"href":"https:\/\/hypertrophytenerife.es\/index.php?rest_route=\/wp\/v2\/product"}],"about":[{"href":"https:\/\/hypertrophytenerife.es\/index.php?rest_route=\/wp\/v2\/types\/product"}],"replies":[{"embeddable":true,"href":"https:\/\/hypertrophytenerife.es\/index.php?rest_route=%2Fwp%2Fv2%2Fcomments&post=1175"}],"wp:featuredmedia":[{"embeddable":true,"href":"https:\/\/hypertrophytenerife.es\/index.php?rest_route=\/wp\/v2\/media\/1176"}],"wp:attachment":[{"href":"https:\/\/hypertrophytenerife.es\/index.php?rest_route=%2Fwp%2Fv2%2Fmedia&parent=1175"}],"wp:term":[{"taxonomy":"product_brand","embeddable":true,"href":"https:\/\/hypertrophytenerife.es\/index.php?rest_route=%2Fwp%2Fv2%2Fproduct_brand&post=1175"},{"taxonomy":"product_cat","embeddable":true,"href":"https:\/\/hypertrophytenerife.es\/index.php?rest_route=%2Fwp%2Fv2%2Fproduct_cat&post=1175"},{"taxonomy":"product_tag","embeddable":true,"href":"https:\/\/hypertrophytenerife.es\/index.php?rest_route=%2Fwp%2Fv2%2Fproduct_tag&post=1175"}],"curies":[{"name":"wp","href":"https:\/\/api.w.org\/{rel}","templated":true}]}}