{"id":1196,"date":"2025-10-17T08:58:15","date_gmt":"2025-10-17T08:58:15","guid":{"rendered":"https:\/\/hypertrophytenerife.es\/?post_type=product&#038;p=1196"},"modified":"2025-10-17T09:14:08","modified_gmt":"2025-10-17T09:14:08","slug":"the-shield-bcaa-glutamina-600gr","status":"publish","type":"product","link":"https:\/\/hypertrophytenerife.es\/?product=the-shield-bcaa-glutamina-600gr","title":{"rendered":"THE SHIELD | BCAA + GLUTAMINA | 600GR"},"content":{"rendered":"<p><b>MODO DE EMPLEO<\/b><\/p>\n<p>Tomar 10 g disueltos en 150-200 ml de agua despu\u00e9s de entrenar<\/p>\n<p><b><br \/>\nINGREDIENTES<\/b><\/p>\n<p>L-Glutamina, L-.Leucina, L-Isoleucina, L-Valina, Lecitina de Soja, Aromas<\/p>\n<p><b>ADVERTENCIAS<\/b><\/p>\n<p>Mantener en un lugar fresco y seco, lejos de la luz.<\/p>\n<p>Los complementos alimenticios no deben utilizarse como sustitutos de una dieta variada y equilibrada ni un modo de vida sano.<\/p>\n<p>No superar la dosis diaria expresamente recomendada.<\/p>\n<p>Mantener fuera del alcance de los ni\u00f1os m\u00e1s peque\u00f1os.<\/p>\n","protected":false},"excerpt":{"rendered":"<p><img decoding=\"async\" class=\"\" src=\"https:\/\/www.hypertrophynutrition.com\/img\/m\/3-small_default.jpg\" alt=\"Menufitness\" width=\"83\" height=\"83\" \/><\/p>\n<p><b>Complemento alimenticio a base de amino\u00e1cidos esenciales BCAA con ratio 2:1:1 (L-leucina, L-isoleucina y L-valina) + L-glutamina y edulcorantes en polvo.\u00a0<\/b>Contiene los BCAA esenciales para lograr una correcta recuperaci\u00f3n y\u00a0construcci\u00f3n de masa muscular.<\/p>\n","protected":false},"featured_media":1199,"comment_status":"open","ping_status":"closed","template":"","meta":[],"product_brand":[],"product_cat":[24],"product_tag":[],"class_list":{"0":"post-1196","1":"product","2":"type-product","3":"status-publish","4":"has-post-thumbnail","6":"product_cat-menufitness","7":"pa_sabores-sandia","8":"pa_sabores-limon","9":"pa_sabores-naranja","10":"pa_sabores-cola","11":"pa_sabores-frutos-rojos","12":"pa_sabores-fresa-mango","13":"pa_sabores-piruleta","14":"pa_sabores-cereza","16":"first","17":"instock","18":"shipping-taxable","19":"purchasable","20":"product-type-variable"},"_links":{"self":[{"href":"https:\/\/hypertrophytenerife.es\/index.php?rest_route=\/wp\/v2\/product\/1196","targetHints":{"allow":["GET"]}}],"collection":[{"href":"https:\/\/hypertrophytenerife.es\/index.php?rest_route=\/wp\/v2\/product"}],"about":[{"href":"https:\/\/hypertrophytenerife.es\/index.php?rest_route=\/wp\/v2\/types\/product"}],"replies":[{"embeddable":true,"href":"https:\/\/hypertrophytenerife.es\/index.php?rest_route=%2Fwp%2Fv2%2Fcomments&post=1196"}],"wp:featuredmedia":[{"embeddable":true,"href":"https:\/\/hypertrophytenerife.es\/index.php?rest_route=\/wp\/v2\/media\/1199"}],"wp:attachment":[{"href":"https:\/\/hypertrophytenerife.es\/index.php?rest_route=%2Fwp%2Fv2%2Fmedia&parent=1196"}],"wp:term":[{"taxonomy":"product_brand","embeddable":true,"href":"https:\/\/hypertrophytenerife.es\/index.php?rest_route=%2Fwp%2Fv2%2Fproduct_brand&post=1196"},{"taxonomy":"product_cat","embeddable":true,"href":"https:\/\/hypertrophytenerife.es\/index.php?rest_route=%2Fwp%2Fv2%2Fproduct_cat&post=1196"},{"taxonomy":"product_tag","embeddable":true,"href":"https:\/\/hypertrophytenerife.es\/index.php?rest_route=%2Fwp%2Fv2%2Fproduct_tag&post=1196"}],"curies":[{"name":"wp","href":"https:\/\/api.w.org\/{rel}","templated":true}]}}