{"id":1230,"date":"2025-10-26T17:35:55","date_gmt":"2025-10-26T17:35:55","guid":{"rendered":"https:\/\/hypertrophytenerife.es\/?post_type=product&#038;p=1230"},"modified":"2025-10-26T17:35:56","modified_gmt":"2025-10-26T17:35:56","slug":"ciclodextrina-altamente-ramificada-power-cluster-1kg-en-polvo","status":"publish","type":"product","link":"https:\/\/hypertrophytenerife.es\/?product=ciclodextrina-altamente-ramificada-power-cluster-1kg-en-polvo","title":{"rendered":"CICLODEXTRINA ALTAMENTE RAMIFICADA POWER CLUSTER 1KG EN POLVO"},"content":{"rendered":"<p style=\"font-weight: 400\">CLUSTER DEXTRINA\u00ae (CLICLO DEXTRINA) CON ELECTROLITOS.<\/p>\n<p style=\"font-weight: 400\">La ciclodextrina es un tipo de carbohidrato complejo derivado de la hidr\u00f3lisis del almid\u00f3n, conocida por su estructura c\u00edclica \u00fanica. Consiste en una cadena de glucosa que forma un anillo c\u00edclico. La ciclodextrina se utiliza por sus propiedades de r\u00e1pida absorci\u00f3n con bajo impacto en la respuesta insulin\u00e9mica, proporcionando una fuente sostenida de energ\u00eda durante el ejercicio por lo que es una opci\u00f3n ideal para deportistas que buscan mantener el rendimiento durante entrenamientos intensos y competiciones.<\/p>\n","protected":false},"excerpt":{"rendered":"<p><img decoding=\"async\" class=\"\" src=\"https:\/\/www.hypertrophynutrition.com\/img\/m\/1-small_default.jpg\" alt=\"Hypertrophy Nutrition\" width=\"79\" height=\"79\" \/><\/p>\n<p>La ciclodextrina es un tipo de carbohidrato complejo derivado de la hidr\u00f3lisis del almid\u00f3n, conocida por su estructura c\u00edclica \u00fanica. Consiste en una cadena de glucosa que forma un anillo c\u00edclico. La ciclodextrina se utiliza por sus propiedades de r\u00e1pida absorci\u00f3n con bajo impacto en la respuesta insulin\u00e9mica, proporcionando una fuente sostenida de energ\u00eda durante el ejercicio por lo que es una opci\u00f3n ideal para deportistas que buscan mantener el rendimiento durante entrenamientos intensos y competiciones.<\/p>\n","protected":false},"featured_media":1235,"comment_status":"open","ping_status":"closed","template":"","meta":[],"product_brand":[],"product_cat":[26],"product_tag":[],"class_list":{"0":"post-1230","1":"product","2":"type-product","3":"status-publish","4":"has-post-thumbnail","6":"product_cat-hypertrophy","8":"first","9":"instock","10":"shipping-taxable","11":"purchasable","12":"product-type-simple"},"_links":{"self":[{"href":"https:\/\/hypertrophytenerife.es\/index.php?rest_route=\/wp\/v2\/product\/1230","targetHints":{"allow":["GET"]}}],"collection":[{"href":"https:\/\/hypertrophytenerife.es\/index.php?rest_route=\/wp\/v2\/product"}],"about":[{"href":"https:\/\/hypertrophytenerife.es\/index.php?rest_route=\/wp\/v2\/types\/product"}],"replies":[{"embeddable":true,"href":"https:\/\/hypertrophytenerife.es\/index.php?rest_route=%2Fwp%2Fv2%2Fcomments&post=1230"}],"wp:featuredmedia":[{"embeddable":true,"href":"https:\/\/hypertrophytenerife.es\/index.php?rest_route=\/wp\/v2\/media\/1235"}],"wp:attachment":[{"href":"https:\/\/hypertrophytenerife.es\/index.php?rest_route=%2Fwp%2Fv2%2Fmedia&parent=1230"}],"wp:term":[{"taxonomy":"product_brand","embeddable":true,"href":"https:\/\/hypertrophytenerife.es\/index.php?rest_route=%2Fwp%2Fv2%2Fproduct_brand&post=1230"},{"taxonomy":"product_cat","embeddable":true,"href":"https:\/\/hypertrophytenerife.es\/index.php?rest_route=%2Fwp%2Fv2%2Fproduct_cat&post=1230"},{"taxonomy":"product_tag","embeddable":true,"href":"https:\/\/hypertrophytenerife.es\/index.php?rest_route=%2Fwp%2Fv2%2Fproduct_tag&post=1230"}],"curies":[{"name":"wp","href":"https:\/\/api.w.org\/{rel}","templated":true}]}}