{"id":1260,"date":"2025-10-28T18:28:10","date_gmt":"2025-10-28T18:28:10","guid":{"rendered":"https:\/\/hypertrophytenerife.es\/?post_type=product&#038;p=1260"},"modified":"2025-11-24T12:38:06","modified_gmt":"2025-11-24T12:38:06","slug":"isatc-whey-isolate-cfm-1kg-2","status":"publish","type":"product","link":"https:\/\/hypertrophytenerife.es\/?product=isatc-whey-isolate-cfm-1kg-2","title":{"rendered":"ISACT CFM ISOLATE | PROTEINA ISOLATE | 1KG"},"content":{"rendered":"<p><b>BENEFICIOS<\/b><br \/>\n&#8211; Contribuye al crecimiento de la masa muscular<\/p>\n<p>&#8211;\u00a0Apta para ser consumida en cualquier momento del d\u00eda<\/p>\n<p>&#8211; Alto \u00edndice de reparaci\u00f3n de la fibra muscular da\u00f1ada<\/p>\n<p>&#8211; Contenido rico en amino\u00e1cidos esenciales<\/p>\n<p>&#8211; \u00d3ptima y r\u00e1pida asimilaci\u00f3n digestiva<\/p>\n<p>&#8211; Previene la degradaci\u00f3n muscular o catabolismo<\/p>\n<p>&#8211; Favorece la recuperaci\u00f3n y la construcci\u00f3n muscular<\/p>\n<p>&#8211; Aumenta fuerza y rendimiento<\/p>\n<p><b>MODO DE EMPLEO<\/b><\/p>\n<p>Mezclar 38 g de producto en 200-250 ml de agua o leche desnatada despu\u00e9s del entrenamiento<\/p>\n<p><b><br \/>\nINGREDIENTES<br \/>\n<\/b><\/p>\n<h5>Concentrado de prote\u00edna de suero de LECHE 80% prote\u00edna (emulgente (lecitina de SOJA)), Aislado de prote\u00edna de suero de LECHE 90% prote\u00edna (emulgente (lecitina de SOJA)), L-Glicina, Suero de LECHE en polvo, L-Glutamina-Kyowa\u00ae, Aislado de prote\u00edna de LECHE 90% prote\u00edna (70% case\u00edna), Aroma, Edulcorante (Aspartamo), Mix de vitaminas (Vitamina C (\u00e1cido L-asc\u00f3rbico), maltodextrina, vitamina E (acetato de DL-alfa tocoferilo), niacina (nicotinamida), \u00e1cido pantot\u00e9nico (D-pantotenato c\u00e1lcico), vitamina B6 (clorhidrato de piridoxina), vitamina B2 (riboflavina), vitamina B1 (clorhidrato de tiamina), vitamina B12 (Cianocobalamina), folato (\u00e1cido pteroilmonoglut\u00e1mico) y biotina (D-biotina)), Cloruro de sodio, Lactasa 10,000 FCC-ALU \/g, Edulcorantes (Sucralosa, Acesulfamo K), Aromas.<\/h5>\n","protected":false},"excerpt":{"rendered":"<p><img decoding=\"async\" class=\"\" src=\"https:\/\/www.hypertrophynutrition.com\/img\/m\/1-small_default.jpg\" alt=\"Hypertrophy Nutrition\" width=\"86\" height=\"86\" \/><\/p>\n<p><strong>Mix de prote\u00ednas (concentrado de suero de leche 80% y aislado de suero de leche 90%) case\u00edna, L-glutamina Kyowa\u00ae y enzimas digestivas Lactase con deliciosos sabores.<\/strong><\/p>\n<p>Potencia tus entrenamientos y optimiza tu recuperaci\u00f3n con nuestro exclusivo mix de prote\u00ednas, cuidadosamente formulado para maximizar tus resultados fitness. Combina la potencia del concentrado de suero de leche al 80% y el aislado de suero de leche al 90% para ofrecerte una mezcla perfecta de r\u00e1pida y lenta absorci\u00f3n. Adem\u00e1s, incluimos case\u00edna para una liberaci\u00f3n sostenida de amino\u00e1cidos, L-glutamina Kyowa\u00ae para apoyar la recuperaci\u00f3n muscular y enzimas digestivas Lactase para una digesti\u00f3n suave. Disponible en deliciosos sabores para satisfacer tu paladar.<\/p>\n","protected":false},"featured_media":1258,"comment_status":"open","ping_status":"closed","template":"","meta":[],"product_brand":[],"product_cat":[26],"product_tag":[],"class_list":{"0":"post-1260","1":"product","2":"type-product","3":"status-publish","4":"has-post-thumbnail","6":"product_cat-hypertrophy","7":"pa_sabores-black-cookies","8":"pa_sabores-sweet-peach","10":"first","11":"instock","12":"shipping-taxable","13":"purchasable","14":"product-type-variable"},"_links":{"self":[{"href":"https:\/\/hypertrophytenerife.es\/index.php?rest_route=\/wp\/v2\/product\/1260","targetHints":{"allow":["GET"]}}],"collection":[{"href":"https:\/\/hypertrophytenerife.es\/index.php?rest_route=\/wp\/v2\/product"}],"about":[{"href":"https:\/\/hypertrophytenerife.es\/index.php?rest_route=\/wp\/v2\/types\/product"}],"replies":[{"embeddable":true,"href":"https:\/\/hypertrophytenerife.es\/index.php?rest_route=%2Fwp%2Fv2%2Fcomments&post=1260"}],"wp:featuredmedia":[{"embeddable":true,"href":"https:\/\/hypertrophytenerife.es\/index.php?rest_route=\/wp\/v2\/media\/1258"}],"wp:attachment":[{"href":"https:\/\/hypertrophytenerife.es\/index.php?rest_route=%2Fwp%2Fv2%2Fmedia&parent=1260"}],"wp:term":[{"taxonomy":"product_brand","embeddable":true,"href":"https:\/\/hypertrophytenerife.es\/index.php?rest_route=%2Fwp%2Fv2%2Fproduct_brand&post=1260"},{"taxonomy":"product_cat","embeddable":true,"href":"https:\/\/hypertrophytenerife.es\/index.php?rest_route=%2Fwp%2Fv2%2Fproduct_cat&post=1260"},{"taxonomy":"product_tag","embeddable":true,"href":"https:\/\/hypertrophytenerife.es\/index.php?rest_route=%2Fwp%2Fv2%2Fproduct_tag&post=1260"}],"curies":[{"name":"wp","href":"https:\/\/api.w.org\/{rel}","templated":true}]}}