{"id":127,"date":"2024-01-16T16:13:31","date_gmt":"2024-01-16T16:13:31","guid":{"rendered":"https:\/\/hypertrophytenerife.es\/?product=super-bcaa-powder-411-500-g"},"modified":"2025-10-16T16:13:09","modified_gmt":"2025-10-16T16:13:09","slug":"super-bcaa-powder-411-500-g","status":"publish","type":"product","link":"https:\/\/hypertrophytenerife.es\/?product=super-bcaa-powder-411-500-g","title":{"rendered":"BCAA 4:1:1 SUPER POWDER | AMINO\u00c1CIDOS | 500GR"},"content":{"rendered":"","protected":false},"excerpt":{"rendered":"<p><img decoding=\"async\" src=\"https:\/\/www.hypertrophynutrition.com\/img\/m\/4-small_default.jpg\" alt=\"Soul Project\" \/><\/p>\n<p>Producto que se destaca por su\u00a0<strong>potente f\u00f3rmula de BCAA<\/strong>\u00a0con un\u00a0<strong>ratio de 4:1:1<\/strong>, donde la\u00a0<strong>L-leucina predomina<\/strong>, optimizando la s\u00edntesis de prote\u00ednas musculares. Acompa\u00f1ado de L-isoleucina y L-valina, esta combinaci\u00f3n potencia la recuperaci\u00f3n muscular,\u00a0<strong>reduce el catabolismo<\/strong>\u00a0y ayuda a mantener el rendimiento \u00f3ptimo tras entrenamientos intensos. Ideal para atletas que buscan maximizar su regeneraci\u00f3n y mejorar su rendimiento en cada sesi\u00f3n.<\/p>\n","protected":false},"featured_media":128,"comment_status":"closed","ping_status":"closed","template":"","meta":[],"product_brand":[],"product_cat":[21],"product_tag":[],"class_list":{"0":"post-127","1":"product","2":"type-product","3":"status-publish","4":"has-post-thumbnail","6":"product_cat-soul-project","7":"pa_sabores-neutro","8":"pa_sabores-cola","10":"first","11":"instock","12":"purchasable","13":"product-type-variable"},"_links":{"self":[{"href":"https:\/\/hypertrophytenerife.es\/index.php?rest_route=\/wp\/v2\/product\/127","targetHints":{"allow":["GET"]}}],"collection":[{"href":"https:\/\/hypertrophytenerife.es\/index.php?rest_route=\/wp\/v2\/product"}],"about":[{"href":"https:\/\/hypertrophytenerife.es\/index.php?rest_route=\/wp\/v2\/types\/product"}],"replies":[{"embeddable":true,"href":"https:\/\/hypertrophytenerife.es\/index.php?rest_route=%2Fwp%2Fv2%2Fcomments&post=127"}],"wp:featuredmedia":[{"embeddable":true,"href":"https:\/\/hypertrophytenerife.es\/index.php?rest_route=\/wp\/v2\/media\/128"}],"wp:attachment":[{"href":"https:\/\/hypertrophytenerife.es\/index.php?rest_route=%2Fwp%2Fv2%2Fmedia&parent=127"}],"wp:term":[{"taxonomy":"product_brand","embeddable":true,"href":"https:\/\/hypertrophytenerife.es\/index.php?rest_route=%2Fwp%2Fv2%2Fproduct_brand&post=127"},{"taxonomy":"product_cat","embeddable":true,"href":"https:\/\/hypertrophytenerife.es\/index.php?rest_route=%2Fwp%2Fv2%2Fproduct_cat&post=127"},{"taxonomy":"product_tag","embeddable":true,"href":"https:\/\/hypertrophytenerife.es\/index.php?rest_route=%2Fwp%2Fv2%2Fproduct_tag&post=127"}],"curies":[{"name":"wp","href":"https:\/\/api.w.org\/{rel}","templated":true}]}}