{"id":131,"date":"2024-01-16T16:13:37","date_gmt":"2024-01-16T16:13:37","guid":{"rendered":"https:\/\/hypertrophytenerife.es\/?product=vitamina-c-bioflavonoides-100-comprimidos"},"modified":"2025-06-03T16:41:30","modified_gmt":"2025-06-03T16:41:30","slug":"vitamina-c-bioflavonoides-100-comprimidos","status":"publish","type":"product","link":"https:\/\/hypertrophytenerife.es\/?product=vitamina-c-bioflavonoides-100-comprimidos","title":{"rendered":"VITAMINA C 1000 | 100 COMPRIMIDOS"},"content":{"rendered":"<p>Suplemento de vitamina C en c\u00e1psulas que aporta 1000 mg por dosis, ideal para apoyar el sistema inmunol\u00f3gico, proteger las c\u00e9lulas frente al estr\u00e9s oxidativo y reducir el cansancio y la fatiga. Este antioxidante esencial contribuye al mantenimiento de una piel saludable, favorece la formaci\u00f3n de col\u00e1geno y ayuda a la absorci\u00f3n del hierro en el organismo.<\/p>\n<p>Perfecto para quienes buscan una dosis potente de vitamina C para fortalecer su salud y mantenerse activos en el d\u00eda a d\u00eda.<\/p>\n","protected":false},"excerpt":{"rendered":"<p><img decoding=\"async\" src=\"https:\/\/www.hypertrophynutrition.com\/img\/m\/4-small_default.jpg\" alt=\"Soul Project\" \/><\/p>\n<p><b>Vitamina C\u00a0 en c\u00e1psulas ,megadosis\u00a0 (1 g por c\u00e1psula).\u00a0<\/b>La vitamina C\u00a0participa en numerosas funciones vitales del cuerpo,\u00a0lo que hace que su ingesta sea muy necesaria para\u00a0lograr una salud \u00f3ptima en todos los procesos activos de nuestro organismo.<\/p>\n","protected":false},"featured_media":623,"comment_status":"closed","ping_status":"closed","template":"","meta":[],"product_brand":[],"product_cat":[21],"product_tag":[],"class_list":{"0":"post-131","1":"product","2":"type-product","3":"status-publish","4":"has-post-thumbnail","6":"product_cat-soul-project","8":"first","9":"instock","10":"purchasable","11":"product-type-simple"},"_links":{"self":[{"href":"https:\/\/hypertrophytenerife.es\/index.php?rest_route=\/wp\/v2\/product\/131","targetHints":{"allow":["GET"]}}],"collection":[{"href":"https:\/\/hypertrophytenerife.es\/index.php?rest_route=\/wp\/v2\/product"}],"about":[{"href":"https:\/\/hypertrophytenerife.es\/index.php?rest_route=\/wp\/v2\/types\/product"}],"replies":[{"embeddable":true,"href":"https:\/\/hypertrophytenerife.es\/index.php?rest_route=%2Fwp%2Fv2%2Fcomments&post=131"}],"wp:featuredmedia":[{"embeddable":true,"href":"https:\/\/hypertrophytenerife.es\/index.php?rest_route=\/wp\/v2\/media\/623"}],"wp:attachment":[{"href":"https:\/\/hypertrophytenerife.es\/index.php?rest_route=%2Fwp%2Fv2%2Fmedia&parent=131"}],"wp:term":[{"taxonomy":"product_brand","embeddable":true,"href":"https:\/\/hypertrophytenerife.es\/index.php?rest_route=%2Fwp%2Fv2%2Fproduct_brand&post=131"},{"taxonomy":"product_cat","embeddable":true,"href":"https:\/\/hypertrophytenerife.es\/index.php?rest_route=%2Fwp%2Fv2%2Fproduct_cat&post=131"},{"taxonomy":"product_tag","embeddable":true,"href":"https:\/\/hypertrophytenerife.es\/index.php?rest_route=%2Fwp%2Fv2%2Fproduct_tag&post=131"}],"curies":[{"name":"wp","href":"https:\/\/api.w.org\/{rel}","templated":true}]}}