{"id":135,"date":"2024-01-16T16:13:37","date_gmt":"2024-01-16T16:13:37","guid":{"rendered":"https:\/\/hypertrophytenerife.es\/?product=wings-2-kg-soul-project"},"modified":"2025-10-16T16:14:47","modified_gmt":"2025-10-16T16:14:47","slug":"wings-2-kg-soul-project","status":"publish","type":"product","link":"https:\/\/hypertrophytenerife.es\/?product=wings-2-kg-soul-project","title":{"rendered":"WINGS | AMILOPECTINA DE MA\u00cdZ EN POLVO | 2KG"},"content":{"rendered":"","protected":false},"excerpt":{"rendered":"<p><img decoding=\"async\" src=\"https:\/\/www.hypertrophynutrition.com\/img\/m\/4-small_default.jpg\" alt=\"Soul Project\" \/><\/p>\n<p>Amilopectina de ma\u00edz en polvo. Dise\u00f1ado para aportar una carga efectiva de energ\u00eda muscular (gluc\u00f3geno) de f\u00e1cil biodisponibilidad. Su ingesta favorece la m\u00e1xima potencia durante el ejercicio y una recuperaci\u00f3n sin s\u00edntomas de fatiga o cansancio.<\/p>\n<p>Una caracter\u00edstica de utilidad de la amilopectina de ma\u00edz es su capacidad para proporcionar energ\u00eda de liberaci\u00f3n sostenida. Debido a su estructura ramificada, la amilopectina se digiere y absorbe m\u00e1s lentamente que otros carbohidratos simples, lo que resulta en una liberaci\u00f3n gradual de glucosa en el torrente sangu\u00edneo. Esta liberaci\u00f3n sostenida de energ\u00eda puede ser beneficiosa para mantener niveles de energ\u00eda estables durante per\u00edodos prolongados, como durante el ejercicio f\u00edsico intenso o actividades de resistencia.<\/p>\n","protected":false},"featured_media":136,"comment_status":"closed","ping_status":"closed","template":"","meta":[],"product_brand":[],"product_cat":[21],"product_tag":[],"class_list":{"0":"post-135","1":"product","2":"type-product","3":"status-publish","4":"has-post-thumbnail","6":"product_cat-soul-project","7":"pa_sabores-naranja","8":"pa_sabores-frutas-del-bosque","9":"pa_sabores-lima-limon","10":"pa_sabores-pina","12":"first","13":"instock","14":"purchasable","15":"product-type-variable"},"_links":{"self":[{"href":"https:\/\/hypertrophytenerife.es\/index.php?rest_route=\/wp\/v2\/product\/135","targetHints":{"allow":["GET"]}}],"collection":[{"href":"https:\/\/hypertrophytenerife.es\/index.php?rest_route=\/wp\/v2\/product"}],"about":[{"href":"https:\/\/hypertrophytenerife.es\/index.php?rest_route=\/wp\/v2\/types\/product"}],"replies":[{"embeddable":true,"href":"https:\/\/hypertrophytenerife.es\/index.php?rest_route=%2Fwp%2Fv2%2Fcomments&post=135"}],"wp:featuredmedia":[{"embeddable":true,"href":"https:\/\/hypertrophytenerife.es\/index.php?rest_route=\/wp\/v2\/media\/136"}],"wp:attachment":[{"href":"https:\/\/hypertrophytenerife.es\/index.php?rest_route=%2Fwp%2Fv2%2Fmedia&parent=135"}],"wp:term":[{"taxonomy":"product_brand","embeddable":true,"href":"https:\/\/hypertrophytenerife.es\/index.php?rest_route=%2Fwp%2Fv2%2Fproduct_brand&post=135"},{"taxonomy":"product_cat","embeddable":true,"href":"https:\/\/hypertrophytenerife.es\/index.php?rest_route=%2Fwp%2Fv2%2Fproduct_cat&post=135"},{"taxonomy":"product_tag","embeddable":true,"href":"https:\/\/hypertrophytenerife.es\/index.php?rest_route=%2Fwp%2Fv2%2Fproduct_tag&post=135"}],"curies":[{"name":"wp","href":"https:\/\/api.w.org\/{rel}","templated":true}]}}