{"id":249,"date":"2024-01-16T16:13:51","date_gmt":"2024-01-16T16:13:51","guid":{"rendered":"https:\/\/hypertrophytenerife.es\/?product=creatine-atp-500-gr-bote-nuevo"},"modified":"2025-06-03T16:34:39","modified_gmt":"2025-06-03T16:34:39","slug":"creatine-atp-500-gr-bote-nuevo","status":"publish","type":"product","link":"https:\/\/hypertrophytenerife.es\/?product=creatine-atp-500-gr-bote-nuevo","title":{"rendered":"CREATINE ATP 500 GR."},"content":{"rendered":"","protected":false},"excerpt":{"rendered":"<p><img decoding=\"async\" src=\"https:\/\/www.hypertrophynutrition.com\/img\/m\/5-small_default.jpg\" alt=\"Invictus Redline\" \/><\/p>\n<p>Potencia tus entrenamientos y maximiza tus resultados con nuestra Creatina Micronizada en Polvo. Nuestra f\u00f3rmula exclusiva garantiza una solubilidad y absorci\u00f3n total, permitiendo que tu cuerpo aproveche al m\u00e1ximo sus beneficios. Aumenta la s\u00edntesis de ATP para generar m\u00e1s fuerza, resistencia y volumen muscular, al mismo tiempo que ayuda a prevenir la sarcopenia. Con nuestra creatina micronizada, puedes superar tus l\u00edmites en el gimnasio y mantener un cuerpo fuerte y saludable. \u00a1Haz de cada sesi\u00f3n de entrenamiento una oportunidad para alcanzar tus metas con nuestra creatina de calidad superior!<\/p>\n","protected":false},"featured_media":250,"comment_status":"closed","ping_status":"closed","template":"","meta":[],"product_brand":[],"product_cat":[25],"product_tag":[],"class_list":{"0":"post-249","1":"product","2":"type-product","3":"status-publish","4":"has-post-thumbnail","6":"product_cat-invictus-redline","8":"first","9":"instock","10":"purchasable","11":"product-type-simple"},"_links":{"self":[{"href":"https:\/\/hypertrophytenerife.es\/index.php?rest_route=\/wp\/v2\/product\/249","targetHints":{"allow":["GET"]}}],"collection":[{"href":"https:\/\/hypertrophytenerife.es\/index.php?rest_route=\/wp\/v2\/product"}],"about":[{"href":"https:\/\/hypertrophytenerife.es\/index.php?rest_route=\/wp\/v2\/types\/product"}],"replies":[{"embeddable":true,"href":"https:\/\/hypertrophytenerife.es\/index.php?rest_route=%2Fwp%2Fv2%2Fcomments&post=249"}],"wp:featuredmedia":[{"embeddable":true,"href":"https:\/\/hypertrophytenerife.es\/index.php?rest_route=\/wp\/v2\/media\/250"}],"wp:attachment":[{"href":"https:\/\/hypertrophytenerife.es\/index.php?rest_route=%2Fwp%2Fv2%2Fmedia&parent=249"}],"wp:term":[{"taxonomy":"product_brand","embeddable":true,"href":"https:\/\/hypertrophytenerife.es\/index.php?rest_route=%2Fwp%2Fv2%2Fproduct_brand&post=249"},{"taxonomy":"product_cat","embeddable":true,"href":"https:\/\/hypertrophytenerife.es\/index.php?rest_route=%2Fwp%2Fv2%2Fproduct_cat&post=249"},{"taxonomy":"product_tag","embeddable":true,"href":"https:\/\/hypertrophytenerife.es\/index.php?rest_route=%2Fwp%2Fv2%2Fproduct_tag&post=249"}],"curies":[{"name":"wp","href":"https:\/\/api.w.org\/{rel}","templated":true}]}}