{"id":261,"date":"2024-01-16T16:13:54","date_gmt":"2024-01-16T16:13:54","guid":{"rendered":"https:\/\/hypertrophytenerife.es\/?product=pro-bcaa-glutamine-500-gr"},"modified":"2025-06-03T16:31:49","modified_gmt":"2025-06-03T16:31:49","slug":"pro-bcaa-glutamine-500-gr","status":"publish","type":"product","link":"https:\/\/hypertrophytenerife.es\/?product=pro-bcaa-glutamine-500-gr","title":{"rendered":"BCAA + GLUTAMINE | AMINO\u00c1CIDOS + GLUTAMINA | 500GR"},"content":{"rendered":"","protected":false},"excerpt":{"rendered":"<p><img decoding=\"async\" src=\"https:\/\/www.hypertrophynutrition.com\/img\/m\/5-small_default.jpg\" alt=\"Invictus Redline\" \/><\/p>\n<p>Producto que se\u00a0 destaca por su\u00a0<strong>potente f\u00f3rmula de BCAA<\/strong>, con un<strong>\u00a0ratio de 8:1:1<\/strong>, donde la L-leucina predomina para maximizar la s\u00edntesis de prote\u00ednas musculares, acompa\u00f1ada de L-isoleucina y L-valina. Adem\u00e1s, est\u00e1 enriquecido con L-glutamina,\u00a0<strong>formando una mezcla equilibrada en un 50\/50 de BCAA y glutamina<\/strong>. Esta combinaci\u00f3n no solo\u00a0<strong>potencia la recuperaci\u00f3n muscular,<\/strong>\u00a0sino que tambi\u00e9n\u00a0<strong>ayuda a reducir el catabolismo tras el ejercicio<\/strong>, siendo ideal para atletas que buscan un apoyo integral en su rendimiento y regeneraci\u00f3n.<\/p>\n","protected":false},"featured_media":262,"comment_status":"closed","ping_status":"closed","template":"","meta":[],"product_brand":[],"product_cat":[25],"product_tag":[],"class_list":{"0":"post-261","1":"product","2":"type-product","3":"status-publish","4":"has-post-thumbnail","6":"product_cat-invictus-redline","8":"first","9":"instock","10":"purchasable","11":"product-type-simple"},"_links":{"self":[{"href":"https:\/\/hypertrophytenerife.es\/index.php?rest_route=\/wp\/v2\/product\/261","targetHints":{"allow":["GET"]}}],"collection":[{"href":"https:\/\/hypertrophytenerife.es\/index.php?rest_route=\/wp\/v2\/product"}],"about":[{"href":"https:\/\/hypertrophytenerife.es\/index.php?rest_route=\/wp\/v2\/types\/product"}],"replies":[{"embeddable":true,"href":"https:\/\/hypertrophytenerife.es\/index.php?rest_route=%2Fwp%2Fv2%2Fcomments&post=261"}],"wp:featuredmedia":[{"embeddable":true,"href":"https:\/\/hypertrophytenerife.es\/index.php?rest_route=\/wp\/v2\/media\/262"}],"wp:attachment":[{"href":"https:\/\/hypertrophytenerife.es\/index.php?rest_route=%2Fwp%2Fv2%2Fmedia&parent=261"}],"wp:term":[{"taxonomy":"product_brand","embeddable":true,"href":"https:\/\/hypertrophytenerife.es\/index.php?rest_route=%2Fwp%2Fv2%2Fproduct_brand&post=261"},{"taxonomy":"product_cat","embeddable":true,"href":"https:\/\/hypertrophytenerife.es\/index.php?rest_route=%2Fwp%2Fv2%2Fproduct_cat&post=261"},{"taxonomy":"product_tag","embeddable":true,"href":"https:\/\/hypertrophytenerife.es\/index.php?rest_route=%2Fwp%2Fv2%2Fproduct_tag&post=261"}],"curies":[{"name":"wp","href":"https:\/\/api.w.org\/{rel}","templated":true}]}}