{"id":273,"date":"2024-01-16T16:13:54","date_gmt":"2024-01-16T16:13:54","guid":{"rendered":"https:\/\/hypertrophytenerife.es\/?product=casein-sensation-micellar-2-kg"},"modified":"2025-06-25T21:53:29","modified_gmt":"2025-06-25T21:53:29","slug":"casein-sensation-micellar-2-kg","status":"publish","type":"product","link":"https:\/\/hypertrophytenerife.es\/?product=casein-sensation-micellar-2-kg","title":{"rendered":"CASEIN SENSATION MICELLAR | PROTE\u00cdNAS | 2 KG"},"content":{"rendered":"","protected":false},"excerpt":{"rendered":"<div class=\"elementor-widget-update-0 elementor-element elementor-element-bcdda3a elementor-hidden-tablet elementor-hidden-mobile_extra elementor-hidden-mobile elementor-widget elementor-widget-st-product-summary\" data-id=\"bcdda3a\" data-element_type=\"widget\" data-settings=\"_q_hkh_&quot;_smarty_cache&quot;:&quot;0&quot;_h_hkh_\" data-widget_type=\"st-product-summary.default\">\n<div class=\"elementor-widget-container\">\n<div class=\"stsb_pro_summary stsb_truncate_block stsb_showless_block_0 stsb_truncate_cate_desc_1 stsb_de_truncated\">\n<div class=\"stsb_read_more_box\">\n<p><img decoding=\"async\" src=\"https:\/\/www.hypertrophynutrition.com\/img\/m\/1-small_default.jpg\" alt=\"Hypertrophy Nutrition\" \/><\/p>\n<p><b>Case\u00edna micelar y concentrado de prote\u00edna de suero de leche en polvo.\u00a0<\/b>Alimenta tus m\u00fasculos durante todo el d\u00eda con nuestra combinaci\u00f3n \u00fanica de case\u00edna micelar y concentrado de prote\u00edna de suero de leche en polvo. Esta poderosa mezcla proporciona una liberaci\u00f3n sostenida de amino\u00e1cidos, asegurando una recuperaci\u00f3n muscular \u00f3ptima y el crecimiento muscular mientras duermes y durante el d\u00eda. Maximiza tus resultados fitness con la combinaci\u00f3n perfecta de prote\u00ednas de alta calidad. \u00a1Dale a tu cuerpo el combustible que se merece con nuestra f\u00f3rmula avanzada!<\/p>\n<\/div>\n<\/div>\n<\/div>\n<\/div>\n<div class=\"elementor-widget-update-0 elementor-element elementor-element-f5384da e-flex e-con-boxed e-con\" data-id=\"f5384da\" data-element_type=\"container\" data-settings=\"_q_hkh_&quot;background_background&quot;:&quot;classic&quot;,&quot;content_width&quot;:&quot;boxed&quot;,&quot;_smarty_cache&quot;:&quot;0&quot;_h_hkh_\">\n<div class=\"e-con-inner\">\n<div class=\"elementor-widget-update-2 elementor-element elementor-element-40b1ae9 elementor-align-left elementor-position-top elementor-vertical-align-middle elementor-widget elementor-widget-st-product-variants\" data-id=\"40b1ae9\" data-element_type=\"widget\" data-settings=\"_q_hkh_&quot;_smarty_cache&quot;:&quot;0&quot;_h_hkh_\" data-widget_type=\"st-product-variants.default\">\n<div class=\"elementor-widget-container\">\n<div class=\"product-variants js-product-variants stsb_variants\">\n<div class=\"stsb_variant_group stsb_variant_group_select stsb_flex_wrapper \"><\/div>\n<\/div>\n<\/div>\n<\/div>\n<\/div>\n<\/div>\n","protected":false},"featured_media":562,"comment_status":"closed","ping_status":"closed","template":"","meta":[],"product_brand":[],"product_cat":[26],"product_tag":[],"class_list":{"0":"post-273","1":"product","2":"type-product","3":"status-publish","4":"has-post-thumbnail","6":"product_cat-hypertrophy","7":"pa_sabores-vainilla","8":"pa_sabores-fresa","9":"pa_sabores-chocolate","11":"first","12":"instock","13":"purchasable","14":"product-type-variable"},"_links":{"self":[{"href":"https:\/\/hypertrophytenerife.es\/index.php?rest_route=\/wp\/v2\/product\/273","targetHints":{"allow":["GET"]}}],"collection":[{"href":"https:\/\/hypertrophytenerife.es\/index.php?rest_route=\/wp\/v2\/product"}],"about":[{"href":"https:\/\/hypertrophytenerife.es\/index.php?rest_route=\/wp\/v2\/types\/product"}],"replies":[{"embeddable":true,"href":"https:\/\/hypertrophytenerife.es\/index.php?rest_route=%2Fwp%2Fv2%2Fcomments&post=273"}],"wp:featuredmedia":[{"embeddable":true,"href":"https:\/\/hypertrophytenerife.es\/index.php?rest_route=\/wp\/v2\/media\/562"}],"wp:attachment":[{"href":"https:\/\/hypertrophytenerife.es\/index.php?rest_route=%2Fwp%2Fv2%2Fmedia&parent=273"}],"wp:term":[{"taxonomy":"product_brand","embeddable":true,"href":"https:\/\/hypertrophytenerife.es\/index.php?rest_route=%2Fwp%2Fv2%2Fproduct_brand&post=273"},{"taxonomy":"product_cat","embeddable":true,"href":"https:\/\/hypertrophytenerife.es\/index.php?rest_route=%2Fwp%2Fv2%2Fproduct_cat&post=273"},{"taxonomy":"product_tag","embeddable":true,"href":"https:\/\/hypertrophytenerife.es\/index.php?rest_route=%2Fwp%2Fv2%2Fproduct_tag&post=273"}],"curies":[{"name":"wp","href":"https:\/\/api.w.org\/{rel}","templated":true}]}}