{"id":275,"date":"2024-01-16T16:13:54","date_gmt":"2024-01-16T16:13:54","guid":{"rendered":"https:\/\/hypertrophytenerife.es\/?product=creatp-creatine-creapure-200-gr"},"modified":"2025-06-25T12:26:54","modified_gmt":"2025-06-25T12:26:54","slug":"creatp-creatine-creapure-200-gr","status":"publish","type":"product","link":"https:\/\/hypertrophytenerife.es\/?product=creatp-creatine-creapure-200-gr","title":{"rendered":"CREATP CREAPURE\u00ae | CREATINA | 400GR"},"content":{"rendered":"","protected":false},"excerpt":{"rendered":"<p><img decoding=\"async\" src=\"https:\/\/www.hypertrophynutrition.com\/img\/m\/1-small_default.jpg\" alt=\"Hypertrophy Nutrition\" \/><\/p>\n<p>Alcanza tu m\u00e1ximo potencial en el gimnasio con nuestro Monohidrato de Creatina Micronizada Creapure\u00ae en polvo. Nuestra f\u00f3rmula patentada Creapure\u00ae garantiza una solubilidad y absorci\u00f3n total, lo que significa que tu cuerpo puede aprovechar al m\u00e1ximo sus beneficios. Aumenta la s\u00edntesis de ATP para generar m\u00e1s fuerza, resistencia y volumen muscular. Con nuestra creatina micronizada, puedes enfrentarte a cada entrenamiento con confianza y llevar tu rendimiento al siguiente nivel. \u00a1Haz de cada repetici\u00f3n un paso hacia tus objetivos con nuestra creatina de calidad superior!<\/p>\n","protected":false},"featured_media":531,"comment_status":"closed","ping_status":"closed","template":"","meta":[],"product_brand":[],"product_cat":[26],"product_tag":[],"class_list":{"0":"post-275","1":"product","2":"type-product","3":"status-publish","4":"has-post-thumbnail","6":"product_cat-hypertrophy","8":"first","9":"instock","10":"purchasable","11":"product-type-simple"},"_links":{"self":[{"href":"https:\/\/hypertrophytenerife.es\/index.php?rest_route=\/wp\/v2\/product\/275","targetHints":{"allow":["GET"]}}],"collection":[{"href":"https:\/\/hypertrophytenerife.es\/index.php?rest_route=\/wp\/v2\/product"}],"about":[{"href":"https:\/\/hypertrophytenerife.es\/index.php?rest_route=\/wp\/v2\/types\/product"}],"replies":[{"embeddable":true,"href":"https:\/\/hypertrophytenerife.es\/index.php?rest_route=%2Fwp%2Fv2%2Fcomments&post=275"}],"wp:featuredmedia":[{"embeddable":true,"href":"https:\/\/hypertrophytenerife.es\/index.php?rest_route=\/wp\/v2\/media\/531"}],"wp:attachment":[{"href":"https:\/\/hypertrophytenerife.es\/index.php?rest_route=%2Fwp%2Fv2%2Fmedia&parent=275"}],"wp:term":[{"taxonomy":"product_brand","embeddable":true,"href":"https:\/\/hypertrophytenerife.es\/index.php?rest_route=%2Fwp%2Fv2%2Fproduct_brand&post=275"},{"taxonomy":"product_cat","embeddable":true,"href":"https:\/\/hypertrophytenerife.es\/index.php?rest_route=%2Fwp%2Fv2%2Fproduct_cat&post=275"},{"taxonomy":"product_tag","embeddable":true,"href":"https:\/\/hypertrophytenerife.es\/index.php?rest_route=%2Fwp%2Fv2%2Fproduct_tag&post=275"}],"curies":[{"name":"wp","href":"https:\/\/api.w.org\/{rel}","templated":true}]}}