{"id":279,"date":"2024-01-16T16:13:54","date_gmt":"2024-01-16T16:13:54","guid":{"rendered":"https:\/\/hypertrophytenerife.es\/?product=daa-zinc-bisglicinato-acido-aspartico-1000"},"modified":"2025-10-23T21:54:05","modified_gmt":"2025-10-23T21:54:05","slug":"daa-zinc-bisglicinato-acido-aspartico-1000","status":"publish","type":"product","link":"https:\/\/hypertrophytenerife.es\/?product=daa-zinc-bisglicinato-acido-aspartico-1000","title":{"rendered":"DAA + ZINC BISGLICINATO | \u00c1CIDO ASP\u00c1RTICO 1000MG | 90 C\u00c1PSULAS"},"content":{"rendered":"<p>DAA, tiene efectos en la testosterona responsable del aumento de la masa muscular. Esto es debido a que la testosterona tiene un efecto anab\u00f3lico. Unos niveles adecuados de testosterona provocan un incremento en la formaci\u00f3n de prote\u00ednas, especialmente en los huesos y m\u00fasculos, aumentando la masa muscular y la fuerza. Adem\u00e1s, la testosterona aumenta los niveles de la hormona del crecimiento, otra de las hormonas encargadas del aumento de masa muscular, ayuda a reducir la fatiga y potencia el rendimiento.<\/p>\n","protected":false},"excerpt":{"rendered":"<p><img decoding=\"async\" src=\"https:\/\/www.hypertrophynutrition.com\/img\/m\/1-small_default.jpg\" alt=\"Hypertrophy Nutrition\" \/><\/p>\n<p>Este suplemento combina\u00a0<strong>\u00c1cido D-Asp\u00e1rtico (2000 mg)<\/strong>, un amino\u00e1cido clave que estimula la producci\u00f3n natural de testosterona, con\u00a0<strong>Bisglicinato de Zinc (33 mg)<\/strong>, una forma altamente absorbible de zinc que proporciona 9.2 mg de este mineral esencial, cubriendo el 92% de la CDR. Juntos, estos ingredientes contribuyen a mejorar la salud hormonal, optimizar los niveles de testosterona, apoyar el sistema inmunol\u00f3gico y promover el rendimiento f\u00edsico y la recuperaci\u00f3n muscular. Es una f\u00f3rmula dise\u00f1ada para quienes buscan potenciar su energ\u00eda, fuerza y bienestar general.<\/p>\n","protected":false},"featured_media":280,"comment_status":"closed","ping_status":"closed","template":"","meta":[],"product_brand":[],"product_cat":[26],"product_tag":[],"class_list":{"0":"post-279","1":"product","2":"type-product","3":"status-publish","4":"has-post-thumbnail","6":"product_cat-hypertrophy","8":"first","9":"instock","10":"purchasable","11":"product-type-simple"},"_links":{"self":[{"href":"https:\/\/hypertrophytenerife.es\/index.php?rest_route=\/wp\/v2\/product\/279","targetHints":{"allow":["GET"]}}],"collection":[{"href":"https:\/\/hypertrophytenerife.es\/index.php?rest_route=\/wp\/v2\/product"}],"about":[{"href":"https:\/\/hypertrophytenerife.es\/index.php?rest_route=\/wp\/v2\/types\/product"}],"replies":[{"embeddable":true,"href":"https:\/\/hypertrophytenerife.es\/index.php?rest_route=%2Fwp%2Fv2%2Fcomments&post=279"}],"wp:featuredmedia":[{"embeddable":true,"href":"https:\/\/hypertrophytenerife.es\/index.php?rest_route=\/wp\/v2\/media\/280"}],"wp:attachment":[{"href":"https:\/\/hypertrophytenerife.es\/index.php?rest_route=%2Fwp%2Fv2%2Fmedia&parent=279"}],"wp:term":[{"taxonomy":"product_brand","embeddable":true,"href":"https:\/\/hypertrophytenerife.es\/index.php?rest_route=%2Fwp%2Fv2%2Fproduct_brand&post=279"},{"taxonomy":"product_cat","embeddable":true,"href":"https:\/\/hypertrophytenerife.es\/index.php?rest_route=%2Fwp%2Fv2%2Fproduct_cat&post=279"},{"taxonomy":"product_tag","embeddable":true,"href":"https:\/\/hypertrophytenerife.es\/index.php?rest_route=%2Fwp%2Fv2%2Fproduct_tag&post=279"}],"curies":[{"name":"wp","href":"https:\/\/api.w.org\/{rel}","templated":true}]}}