{"id":281,"date":"2024-01-16T16:13:54","date_gmt":"2024-01-16T16:13:54","guid":{"rendered":"https:\/\/hypertrophytenerife.es\/?product=glukyo-glutamine-kyowa-500-gr"},"modified":"2025-06-03T17:09:04","modified_gmt":"2025-06-03T17:09:04","slug":"glukyo-glutamine-kyowa-500-gr","status":"publish","type":"product","link":"https:\/\/hypertrophytenerife.es\/?product=glukyo-glutamine-kyowa-500-gr","title":{"rendered":"GLUKYO GLUTAMINE KYOWA\u00ae 500 GR."},"content":{"rendered":"","protected":false},"excerpt":{"rendered":"<p><img decoding=\"async\" src=\"https:\/\/www.hypertrophynutrition.com\/img\/m\/1-small_default.jpg\" alt=\"Hypertrophy Nutrition\" \/><\/p>\n<p>Potencia tu construcci\u00f3n muscular con nuestra L-Glutamina Kyowa\u00ae en polvo. Este amino\u00e1cido esencial es crucial como el mayor y m\u00e1s natural anticatab\u00f3lico, protegiendo tus m\u00fasculos durante periodos de alto estr\u00e9s f\u00edsico. Con la garant\u00eda de su patente registrada, puedes confiar en que nuestra L-Glutamina Kyowa\u00ae en polvo proporciona una protecci\u00f3n completa de la masa muscular, asegurando un ambiente \u00f3ptimo para el crecimiento y la recuperaci\u00f3n muscular. A\u00f1ade este potente suplemento a tu rutina diaria y lleva tus ganancias musculares al siguiente nivel con total confianza.<\/p>\n","protected":false},"featured_media":282,"comment_status":"closed","ping_status":"closed","template":"","meta":[],"product_brand":[],"product_cat":[26],"product_tag":[],"class_list":{"0":"post-281","1":"product","2":"type-product","3":"status-publish","4":"has-post-thumbnail","6":"product_cat-hypertrophy","8":"first","9":"instock","10":"purchasable","11":"product-type-simple"},"_links":{"self":[{"href":"https:\/\/hypertrophytenerife.es\/index.php?rest_route=\/wp\/v2\/product\/281","targetHints":{"allow":["GET"]}}],"collection":[{"href":"https:\/\/hypertrophytenerife.es\/index.php?rest_route=\/wp\/v2\/product"}],"about":[{"href":"https:\/\/hypertrophytenerife.es\/index.php?rest_route=\/wp\/v2\/types\/product"}],"replies":[{"embeddable":true,"href":"https:\/\/hypertrophytenerife.es\/index.php?rest_route=%2Fwp%2Fv2%2Fcomments&post=281"}],"wp:featuredmedia":[{"embeddable":true,"href":"https:\/\/hypertrophytenerife.es\/index.php?rest_route=\/wp\/v2\/media\/282"}],"wp:attachment":[{"href":"https:\/\/hypertrophytenerife.es\/index.php?rest_route=%2Fwp%2Fv2%2Fmedia&parent=281"}],"wp:term":[{"taxonomy":"product_brand","embeddable":true,"href":"https:\/\/hypertrophytenerife.es\/index.php?rest_route=%2Fwp%2Fv2%2Fproduct_brand&post=281"},{"taxonomy":"product_cat","embeddable":true,"href":"https:\/\/hypertrophytenerife.es\/index.php?rest_route=%2Fwp%2Fv2%2Fproduct_cat&post=281"},{"taxonomy":"product_tag","embeddable":true,"href":"https:\/\/hypertrophytenerife.es\/index.php?rest_route=%2Fwp%2Fv2%2Fproduct_tag&post=281"}],"curies":[{"name":"wp","href":"https:\/\/api.w.org\/{rel}","templated":true}]}}