{"id":283,"date":"2024-01-16T16:13:54","date_gmt":"2024-01-16T16:13:54","guid":{"rendered":"https:\/\/hypertrophytenerife.es\/?product=glutamine-ajinomoto-315gr"},"modified":"2025-10-23T21:58:30","modified_gmt":"2025-10-23T21:58:30","slug":"glutamine-ajinomoto-315gr","status":"publish","type":"product","link":"https:\/\/hypertrophytenerife.es\/?product=glutamine-ajinomoto-315gr","title":{"rendered":"BCAA + GLUTAMINE | AMINO\u00c1CIDOS + GLUTAMINA | 315GR"},"content":{"rendered":"<p><b>BENEFICIOS<\/b><br \/>\n&#8211; Acelera la s\u00edntesis proteica<\/p>\n<p>&#8211; Favorece la recuperaci\u00f3n y construcci\u00f3n muscular<\/p>\n<p>&#8211; Mejora\u00a0el\u00a0consumo\u00a0energ\u00e9tico<\/p>\n<p>&#8211; Reduce\u00a0el\u00a0da\u00f1o\u00a0muscular<\/p>\n<p>&#8211; Combate el desgaste muscular<\/p>\n<p>&#8211; Retrasa la fatiga<\/p>\n<p>&#8211; Mejora la fuerza y el rendimiento<\/p>\n<p>&#8211; Aumenta\u00a0los\u00a0niveles\u00a0de\u00a0energ\u00eda<\/p>\n<p><b>MODO DE EMPLEO<\/b><\/p>\n<p>Tomar 1 cacito (10g) diluido en agua despu\u00e9s del entrenamiento<\/p>\n<p><b><br \/>\nINGREDIENTES<br \/>\n<\/b><\/p>\n<p>L-Glutamina, Bcaas 2:1:1 (L-Leucina, L-Isoleucina, L-Valina), Aromas<\/p>\n","protected":false},"excerpt":{"rendered":"<p><img decoding=\"async\" src=\"https:\/\/www.hypertrophynutrition.com\/img\/m\/1-small_default.jpg\" alt=\"Hypertrophy Nutrition\" \/><\/p>\n<p>Optimiza tu recuperaci\u00f3n y construcci\u00f3n muscular con nuestra combinaci\u00f3n de amino\u00e1cidos esenciales BCAA con ratio 2:1:1 (L-leucina, L-isoleucina y L-valina) junto con L-glutamina en polvo. Esta potente mezcla proporciona los nutrientes clave que tu cuerpo necesita para recuperarse despu\u00e9s del ejercicio intenso y favorecer la s\u00edntesis de prote\u00ednas musculares. Los BCAA ayudan a reducir el catabolismo muscular, mientras que la L-glutamina apoya la salud del sistema inmunol\u00f3gico y mejora la funci\u00f3n intestinal. A\u00f1ade esta combinaci\u00f3n a tu rutina post-entrenamiento para maximizar tus resultados y alcanzar tus objetivos de construcci\u00f3n muscular de manera eficaz y eficiente.<\/p>\n","protected":false},"featured_media":993,"comment_status":"closed","ping_status":"closed","template":"","meta":[],"product_brand":[],"product_cat":[26],"product_tag":[],"class_list":{"0":"post-283","1":"product","2":"type-product","3":"status-publish","4":"has-post-thumbnail","6":"product_cat-hypertrophy","7":"pa_sabores-limon","8":"pa_sabores-naranja","10":"first","11":"instock","12":"purchasable","13":"product-type-variable"},"_links":{"self":[{"href":"https:\/\/hypertrophytenerife.es\/index.php?rest_route=\/wp\/v2\/product\/283","targetHints":{"allow":["GET"]}}],"collection":[{"href":"https:\/\/hypertrophytenerife.es\/index.php?rest_route=\/wp\/v2\/product"}],"about":[{"href":"https:\/\/hypertrophytenerife.es\/index.php?rest_route=\/wp\/v2\/types\/product"}],"replies":[{"embeddable":true,"href":"https:\/\/hypertrophytenerife.es\/index.php?rest_route=%2Fwp%2Fv2%2Fcomments&post=283"}],"wp:featuredmedia":[{"embeddable":true,"href":"https:\/\/hypertrophytenerife.es\/index.php?rest_route=\/wp\/v2\/media\/993"}],"wp:attachment":[{"href":"https:\/\/hypertrophytenerife.es\/index.php?rest_route=%2Fwp%2Fv2%2Fmedia&parent=283"}],"wp:term":[{"taxonomy":"product_brand","embeddable":true,"href":"https:\/\/hypertrophytenerife.es\/index.php?rest_route=%2Fwp%2Fv2%2Fproduct_brand&post=283"},{"taxonomy":"product_cat","embeddable":true,"href":"https:\/\/hypertrophytenerife.es\/index.php?rest_route=%2Fwp%2Fv2%2Fproduct_cat&post=283"},{"taxonomy":"product_tag","embeddable":true,"href":"https:\/\/hypertrophytenerife.es\/index.php?rest_route=%2Fwp%2Fv2%2Fproduct_tag&post=283"}],"curies":[{"name":"wp","href":"https:\/\/api.w.org\/{rel}","templated":true}]}}