{"id":289,"date":"2024-01-16T16:13:54","date_gmt":"2024-01-16T16:13:54","guid":{"rendered":"https:\/\/hypertrophytenerife.es\/?product=hmb-ca-1000-mg-90-cap"},"modified":"2025-10-23T21:52:56","modified_gmt":"2025-10-23T21:52:56","slug":"hmb-ca-1000-mg-90-cap","status":"publish","type":"product","link":"https:\/\/hypertrophytenerife.es\/?product=hmb-ca-1000-mg-90-cap","title":{"rendered":"HMB-CA 1000 MG | GANA M\u00daSCULO | 90 C\u00c1PSULAS"},"content":{"rendered":"<p>El \u00df-hidroxi-\u00df-metilbutirato (HMB) es un metabolito de la leucina producido a partir del \u00e1cido ?-cetoisocaproico. El HMB se utiliza como suplemento nutricional en el deporte desde 1997, atribuy\u00e9ndosele una disminuci\u00f3n de la prote\u00f3lisis muscular. Estudios han demostrado que, combinado con el entrenamiento de pesas, el HMB puede aumentar hasta un 300% la masa muscular magra en tres semanas. Se ha demostrado que la suplementaci\u00f3n diaria con HMB (t\u00edpicamente 3 g\/d\u00eda) tiene un efecto anticatab\u00f3lico, mejora la s\u00edntesis de prote\u00ednas, aten\u00faa la prote\u00f3lisis, aumenta la masa muscular y disminuye el da\u00f1o muscular en adultos mayores. Tambi\u00e9n mejora el sistema muscular envejecido.<\/p>\n","protected":false},"excerpt":{"rendered":"<p><img decoding=\"async\" src=\"https:\/\/www.hypertrophynutrition.com\/img\/m\/1-small_default.jpg\" alt=\"Hypertrophy Nutrition\" \/><\/p>\n<p>El HMB-Ca, o beta-hidroxi-beta-metilbutirato de calcio, es conocido por sus beneficios en el mundo del fitness y la musculaci\u00f3n. Este compuesto puede ayudar a mejorar la s\u00edntesis de prote\u00ednas, lo que resulta en una mayor retenci\u00f3n de masa muscular y una reducci\u00f3n en la degradaci\u00f3n muscular. Adem\u00e1s, el HMB-Ca ha demostrado ser efectivo en la aceleraci\u00f3n de la recuperaci\u00f3n muscular despu\u00e9s del ejercicio intenso, permiti\u00e9ndote volver a entrenar m\u00e1s r\u00e1pidamente y con menos dolor muscular. Integrar el HMB-Ca en tu rutina puede ser una estrategia efectiva para maximizar tus resultados y optimizar tu rendimiento f\u00edsico.<\/p>\n","protected":false},"featured_media":290,"comment_status":"closed","ping_status":"closed","template":"","meta":[],"product_brand":[],"product_cat":[26],"product_tag":[],"class_list":{"0":"post-289","1":"product","2":"type-product","3":"status-publish","4":"has-post-thumbnail","6":"product_cat-hypertrophy","8":"first","9":"instock","10":"purchasable","11":"product-type-simple"},"_links":{"self":[{"href":"https:\/\/hypertrophytenerife.es\/index.php?rest_route=\/wp\/v2\/product\/289","targetHints":{"allow":["GET"]}}],"collection":[{"href":"https:\/\/hypertrophytenerife.es\/index.php?rest_route=\/wp\/v2\/product"}],"about":[{"href":"https:\/\/hypertrophytenerife.es\/index.php?rest_route=\/wp\/v2\/types\/product"}],"replies":[{"embeddable":true,"href":"https:\/\/hypertrophytenerife.es\/index.php?rest_route=%2Fwp%2Fv2%2Fcomments&post=289"}],"wp:featuredmedia":[{"embeddable":true,"href":"https:\/\/hypertrophytenerife.es\/index.php?rest_route=\/wp\/v2\/media\/290"}],"wp:attachment":[{"href":"https:\/\/hypertrophytenerife.es\/index.php?rest_route=%2Fwp%2Fv2%2Fmedia&parent=289"}],"wp:term":[{"taxonomy":"product_brand","embeddable":true,"href":"https:\/\/hypertrophytenerife.es\/index.php?rest_route=%2Fwp%2Fv2%2Fproduct_brand&post=289"},{"taxonomy":"product_cat","embeddable":true,"href":"https:\/\/hypertrophytenerife.es\/index.php?rest_route=%2Fwp%2Fv2%2Fproduct_cat&post=289"},{"taxonomy":"product_tag","embeddable":true,"href":"https:\/\/hypertrophytenerife.es\/index.php?rest_route=%2Fwp%2Fv2%2Fproduct_tag&post=289"}],"curies":[{"name":"wp","href":"https:\/\/api.w.org\/{rel}","templated":true}]}}