{"id":453,"date":"2025-05-13T21:01:46","date_gmt":"2025-05-13T21:01:46","guid":{"rendered":"https:\/\/hypertrophytenerife.es\/?post_type=product&#038;p=453"},"modified":"2025-10-28T20:23:20","modified_gmt":"2025-10-28T20:23:20","slug":"isact-cfm-isolate-proteina-isolate-2kg","status":"publish","type":"product","link":"https:\/\/hypertrophytenerife.es\/?product=isact-cfm-isolate-proteina-isolate-2kg","title":{"rendered":"ISATC ISOLATE CFM | PROTE\u00cdNA AISLADA DE SUERO | 2KG"},"content":{"rendered":"<p><b>BENEFICIOS<\/b><br \/>\n&#8211; Contribuye al crecimiento de la masa muscular<\/p>\n<p>&#8211; Baja en carbohidratos y grasas saturadas<\/p>\n<p>&#8211; Alto \u00edndice de reparaci\u00f3n de la fibra muscular da\u00f1ada<\/p>\n<p>&#8211; Contenido rico en amino\u00e1cidos esenciales<\/p>\n<p>&#8211; \u00d3ptima y r\u00e1pida asimilaci\u00f3n digestiva<\/p>\n<p>&#8211; Previene la degradaci\u00f3n muscular o catabolismo<\/p>\n<p>&#8211; Favorece la recuperaci\u00f3n y la construcci\u00f3n muscular<\/p>\n<p>&#8211; Aumenta fuerza y rendimiento<\/p>\n<p><b>MODO DE EMPLEO<\/b><\/p>\n<p>Mezclar 50 g de producto en 200-250 ml de agua o leche desnatada despu\u00e9s del entrenamiento<\/p>\n","protected":false},"excerpt":{"rendered":"<p><img decoding=\"async\" class=\"\" src=\"https:\/\/www.hypertrophynutrition.com\/img\/m\/1-small_default.jpg\" alt=\"Hypertrophy Nutrition\" width=\"81\" height=\"81\" \/><\/p>\n<p>Experimenta la excelencia en suplementos proteicos con nuestro ISATC ISOLATE CFM ISO-WHEY, enriquecida con glutamina Kiowa\u00ae y Lactasa. Con un contenido del 85% de aislado de prote\u00edna de suero y whey, esta f\u00f3rmula es la elecci\u00f3n perfecta para aquellos que buscan la m\u00e1s alta calidad en suero de leche. Con una pureza excepcional y un perfil de amino\u00e1cidos completo, nuestro producto te proporciona los nutrientes esenciales necesarios para apoyar tus objetivos de entrenamiento y recuperaci\u00f3n.<\/p>\n","protected":false},"featured_media":1146,"comment_status":"open","ping_status":"closed","template":"","meta":[],"product_brand":[],"product_cat":[26],"product_tag":[],"class_list":{"0":"post-453","1":"product","2":"type-product","3":"status-publish","4":"has-post-thumbnail","6":"product_cat-hypertrophy","7":"pa_sabores-chocolate","8":"pa_sabores-vainilla","9":"pa_sabores-fresa","11":"first","12":"instock","13":"shipping-taxable","14":"purchasable","15":"product-type-variable"},"_links":{"self":[{"href":"https:\/\/hypertrophytenerife.es\/index.php?rest_route=\/wp\/v2\/product\/453","targetHints":{"allow":["GET"]}}],"collection":[{"href":"https:\/\/hypertrophytenerife.es\/index.php?rest_route=\/wp\/v2\/product"}],"about":[{"href":"https:\/\/hypertrophytenerife.es\/index.php?rest_route=\/wp\/v2\/types\/product"}],"replies":[{"embeddable":true,"href":"https:\/\/hypertrophytenerife.es\/index.php?rest_route=%2Fwp%2Fv2%2Fcomments&post=453"}],"wp:featuredmedia":[{"embeddable":true,"href":"https:\/\/hypertrophytenerife.es\/index.php?rest_route=\/wp\/v2\/media\/1146"}],"wp:attachment":[{"href":"https:\/\/hypertrophytenerife.es\/index.php?rest_route=%2Fwp%2Fv2%2Fmedia&parent=453"}],"wp:term":[{"taxonomy":"product_brand","embeddable":true,"href":"https:\/\/hypertrophytenerife.es\/index.php?rest_route=%2Fwp%2Fv2%2Fproduct_brand&post=453"},{"taxonomy":"product_cat","embeddable":true,"href":"https:\/\/hypertrophytenerife.es\/index.php?rest_route=%2Fwp%2Fv2%2Fproduct_cat&post=453"},{"taxonomy":"product_tag","embeddable":true,"href":"https:\/\/hypertrophytenerife.es\/index.php?rest_route=%2Fwp%2Fv2%2Fproduct_tag&post=453"}],"curies":[{"name":"wp","href":"https:\/\/api.w.org\/{rel}","templated":true}]}}