{"id":699,"date":"2025-06-01T17:43:09","date_gmt":"2025-06-01T17:43:09","guid":{"rendered":"https:\/\/hypertrophytenerife.es\/?post_type=product&#038;p=699"},"modified":"2025-10-28T17:56:38","modified_gmt":"2025-10-28T17:56:38","slug":"number-one-whey-protein-proteina-de-suero-908gr","status":"publish","type":"product","link":"https:\/\/hypertrophytenerife.es\/?product=number-one-whey-protein-proteina-de-suero-908gr","title":{"rendered":"NUMBER ONE WHEY PROTEIN | PROTE\u00cdNA DE SUERO | 908GR"},"content":{"rendered":"","protected":false},"excerpt":{"rendered":"<p><img decoding=\"async\" src=\"https:\/\/www.hypertrophynutrition.com\/img\/m\/1-small_default.jpg\" alt=\"Hypertrophy Nutrition\" \/><\/p>\n<p><strong>Aislado ISOLAC\u00ae, hidrolizado OPTIPEP\u00ae, complejo enzim\u00e1tico DYGEZIME\u00ae, probi\u00f3ticos MEGLAFLORA 9 EVO\u00ae<\/strong>, sabor dulce y sin calor\u00edas gracias a edulcorantes SPLENDA\u00ae.<\/p>\n<p>La mezcla de prote\u00ednas de suero de leche m\u00e1s completa; su composici\u00f3n a\u00fana las mejores materias primas del mercado; adem\u00e1s, no contiene gluten y es un 99% libre de lactosa, haci\u00e9ndola una formula \u00fanica en su categor\u00eda con la m\u00e1xima puntuaci\u00f3n entre nuestros clientes.<\/p>\n","protected":false},"featured_media":702,"comment_status":"open","ping_status":"closed","template":"","meta":[],"product_brand":[],"product_cat":[26],"product_tag":[],"class_list":{"0":"post-699","1":"product","2":"type-product","3":"status-publish","4":"has-post-thumbnail","6":"product_cat-hypertrophy","8":"first","9":"instock","10":"shipping-taxable","11":"purchasable","12":"product-type-simple"},"_links":{"self":[{"href":"https:\/\/hypertrophytenerife.es\/index.php?rest_route=\/wp\/v2\/product\/699","targetHints":{"allow":["GET"]}}],"collection":[{"href":"https:\/\/hypertrophytenerife.es\/index.php?rest_route=\/wp\/v2\/product"}],"about":[{"href":"https:\/\/hypertrophytenerife.es\/index.php?rest_route=\/wp\/v2\/types\/product"}],"replies":[{"embeddable":true,"href":"https:\/\/hypertrophytenerife.es\/index.php?rest_route=%2Fwp%2Fv2%2Fcomments&post=699"}],"wp:featuredmedia":[{"embeddable":true,"href":"https:\/\/hypertrophytenerife.es\/index.php?rest_route=\/wp\/v2\/media\/702"}],"wp:attachment":[{"href":"https:\/\/hypertrophytenerife.es\/index.php?rest_route=%2Fwp%2Fv2%2Fmedia&parent=699"}],"wp:term":[{"taxonomy":"product_brand","embeddable":true,"href":"https:\/\/hypertrophytenerife.es\/index.php?rest_route=%2Fwp%2Fv2%2Fproduct_brand&post=699"},{"taxonomy":"product_cat","embeddable":true,"href":"https:\/\/hypertrophytenerife.es\/index.php?rest_route=%2Fwp%2Fv2%2Fproduct_cat&post=699"},{"taxonomy":"product_tag","embeddable":true,"href":"https:\/\/hypertrophytenerife.es\/index.php?rest_route=%2Fwp%2Fv2%2Fproduct_tag&post=699"}],"curies":[{"name":"wp","href":"https:\/\/api.w.org\/{rel}","templated":true}]}}