{"id":723,"date":"2025-06-01T17:58:52","date_gmt":"2025-06-01T17:58:52","guid":{"rendered":"https:\/\/hypertrophytenerife.es\/?post_type=product&#038;p=723"},"modified":"2025-10-28T18:06:05","modified_gmt":"2025-10-28T18:06:05","slug":"the-only-whey-proteina-de-suero-4kg","status":"publish","type":"product","link":"https:\/\/hypertrophytenerife.es\/?product=the-only-whey-proteina-de-suero-4kg","title":{"rendered":"THE  ONLY WHEY | PROTE\u00cdNA DE SUERO | 4KG"},"content":{"rendered":"","protected":false},"excerpt":{"rendered":"<p><img decoding=\"async\" src=\"https:\/\/www.hypertrophynutrition.com\/img\/m\/3-small_default.jpg\" alt=\"Menufitness\" \/><\/p>\n<p>\u00a1Descubre una deliciosa variedad de sabores con nuestro concentrado de prote\u00edna de suero de leche en polvo! Este concentrado es una fuente excelente de amino\u00e1cidos esenciales, incluyendo los de cadena ramificada, que son vitales para la s\u00edntesis de prote\u00ednas musculares y la recuperaci\u00f3n despu\u00e9s del ejercicio. Adem\u00e1s, es rico en leucina, un amino\u00e1cido clave para estimular la s\u00edntesis de prote\u00ednas musculares. Disponible en una amplia gama de sabores deliciosos, nuestro concentrado de prote\u00edna de suero de leche en polvo te ayudar\u00e1 a alcanzar tus metas de entrenamiento mientras disfrutas de una experiencia de sabor incre\u00edble. \u00a1Aprovecha esta excelente fuente de prote\u00ednas para mejorar tu recuperaci\u00f3n y potenciar tu rendimiento!<\/p>\n","protected":false},"featured_media":724,"comment_status":"open","ping_status":"closed","template":"","meta":[],"product_brand":[],"product_cat":[24],"product_tag":[],"class_list":{"0":"post-723","1":"product","2":"type-product","3":"status-publish","4":"has-post-thumbnail","6":"product_cat-menufitness","7":"pa_sabores-chocolate","8":"pa_sabores-banana","9":"pa_sabores-cookies-cream","10":"pa_sabores-strawberry-cherry-yogurt","11":"pa_sabores-vainilla-cinnamon","13":"first","14":"instock","15":"shipping-taxable","16":"purchasable","17":"product-type-variable"},"_links":{"self":[{"href":"https:\/\/hypertrophytenerife.es\/index.php?rest_route=\/wp\/v2\/product\/723","targetHints":{"allow":["GET"]}}],"collection":[{"href":"https:\/\/hypertrophytenerife.es\/index.php?rest_route=\/wp\/v2\/product"}],"about":[{"href":"https:\/\/hypertrophytenerife.es\/index.php?rest_route=\/wp\/v2\/types\/product"}],"replies":[{"embeddable":true,"href":"https:\/\/hypertrophytenerife.es\/index.php?rest_route=%2Fwp%2Fv2%2Fcomments&post=723"}],"wp:featuredmedia":[{"embeddable":true,"href":"https:\/\/hypertrophytenerife.es\/index.php?rest_route=\/wp\/v2\/media\/724"}],"wp:attachment":[{"href":"https:\/\/hypertrophytenerife.es\/index.php?rest_route=%2Fwp%2Fv2%2Fmedia&parent=723"}],"wp:term":[{"taxonomy":"product_brand","embeddable":true,"href":"https:\/\/hypertrophytenerife.es\/index.php?rest_route=%2Fwp%2Fv2%2Fproduct_brand&post=723"},{"taxonomy":"product_cat","embeddable":true,"href":"https:\/\/hypertrophytenerife.es\/index.php?rest_route=%2Fwp%2Fv2%2Fproduct_cat&post=723"},{"taxonomy":"product_tag","embeddable":true,"href":"https:\/\/hypertrophytenerife.es\/index.php?rest_route=%2Fwp%2Fv2%2Fproduct_tag&post=723"}],"curies":[{"name":"wp","href":"https:\/\/api.w.org\/{rel}","templated":true}]}}