{"id":879,"date":"2025-06-23T11:25:13","date_gmt":"2025-06-23T11:25:13","guid":{"rendered":"https:\/\/hypertrophytenerife.es\/?post_type=product&#038;p=879"},"modified":"2026-04-04T20:53:49","modified_gmt":"2026-04-04T20:53:49","slug":"manhattan-isatc-proteinas-1kg-2","status":"publish","type":"product","link":"https:\/\/hypertrophytenerife.es\/?product=manhattan-isatc-proteinas-1kg-2","title":{"rendered":"MANHATTAN ISATC | PROTE\u00cdNAS | 1KG"},"content":{"rendered":"","protected":false},"excerpt":{"rendered":"<p><img decoding=\"async\" src=\"https:\/\/www.hypertrophynutrition.com\/img\/m\/1-small_default.jpg\" alt=\"Hypertrophy Nutrition\" \/><\/p>\n<p>Maximiza tu recuperaci\u00f3n muscular con nuestro mix de prote\u00ednas en polvo, una combinaci\u00f3n perfecta de aislado de prote\u00edna de suero de leche, hidrolizado de prote\u00edna de suero de leche y concentrado de prote\u00edna de suero de leche filtrado por flujo cruzado ultrafiltrado. Este mix es ideal para alcanzar una \u00f3ptima recuperaci\u00f3n muscular despu\u00e9s de un intenso ejercicio, gracias a su procesamiento mediante microfiltraci\u00f3n por flujo cruzado (CFM), que reduce significativamente los carbohidratos y grasas. Obt\u00e9n los nutrientes esenciales que tu cuerpo necesita para recuperarse y crecer m\u00e1s fuerte con nuestro mix de prote\u00ednas de calidad superior.<\/p>\n","protected":false},"featured_media":714,"comment_status":"open","ping_status":"closed","template":"","meta":[],"product_brand":[],"product_cat":[26],"product_tag":[],"class_list":{"0":"post-879","1":"product","2":"type-product","3":"status-publish","4":"has-post-thumbnail","6":"product_cat-hypertrophy","7":"pa_sabores-salty-caramelo","8":"pa_sabores-chocolate","9":"pa_sabores-vainilla","10":"pa_sabores-strawberry-yogurt","11":"pa_sabores-banana","12":"pa_sabores-cookies-cream","13":"pa_sabores-chocolate-blanco","14":"pa_sabores-ice-cream","16":"first","17":"instock","18":"shipping-taxable","19":"purchasable","20":"product-type-variable","21":"has-default-attributes"},"_links":{"self":[{"href":"https:\/\/hypertrophytenerife.es\/index.php?rest_route=\/wp\/v2\/product\/879","targetHints":{"allow":["GET"]}}],"collection":[{"href":"https:\/\/hypertrophytenerife.es\/index.php?rest_route=\/wp\/v2\/product"}],"about":[{"href":"https:\/\/hypertrophytenerife.es\/index.php?rest_route=\/wp\/v2\/types\/product"}],"replies":[{"embeddable":true,"href":"https:\/\/hypertrophytenerife.es\/index.php?rest_route=%2Fwp%2Fv2%2Fcomments&post=879"}],"wp:featuredmedia":[{"embeddable":true,"href":"https:\/\/hypertrophytenerife.es\/index.php?rest_route=\/wp\/v2\/media\/714"}],"wp:attachment":[{"href":"https:\/\/hypertrophytenerife.es\/index.php?rest_route=%2Fwp%2Fv2%2Fmedia&parent=879"}],"wp:term":[{"taxonomy":"product_brand","embeddable":true,"href":"https:\/\/hypertrophytenerife.es\/index.php?rest_route=%2Fwp%2Fv2%2Fproduct_brand&post=879"},{"taxonomy":"product_cat","embeddable":true,"href":"https:\/\/hypertrophytenerife.es\/index.php?rest_route=%2Fwp%2Fv2%2Fproduct_cat&post=879"},{"taxonomy":"product_tag","embeddable":true,"href":"https:\/\/hypertrophytenerife.es\/index.php?rest_route=%2Fwp%2Fv2%2Fproduct_tag&post=879"}],"curies":[{"name":"wp","href":"https:\/\/api.w.org\/{rel}","templated":true}]}}