{"id":91,"date":"2024-01-16T16:13:31","date_gmt":"2024-01-16T16:13:31","guid":{"rendered":"https:\/\/hypertrophytenerife.es\/?product=bcaa-811-200-cap"},"modified":"2025-06-03T16:46:58","modified_gmt":"2025-06-03T16:46:58","slug":"bcaa-811-200-cap","status":"publish","type":"product","link":"https:\/\/hypertrophytenerife.es\/?product=bcaa-811-200-cap","title":{"rendered":"BCAA 8:1:1 | AMIN\u00c1CIDOS ESENCIALES RAMIFICADOS | 200 C\u00c1PSULAS"},"content":{"rendered":"","protected":false},"excerpt":{"rendered":"<p><img decoding=\"async\" src=\"https:\/\/www.hypertrophynutrition.com\/img\/m\/4-small_default.jpg\" alt=\"Soul Project\" \/><\/p>\n<p>Potencia tu recuperaci\u00f3n muscular con nuestras c\u00e1psulas de amino\u00e1cidos esenciales BCAA en un ratio de 8:1:1 (L-leucina, L-isoleucina y L-valina). Con una concentraci\u00f3n de 1 g por c\u00e1psula, esta f\u00f3rmula est\u00e1 dise\u00f1ada para proporcionar la mejor reparaci\u00f3n de las fibras musculares despu\u00e9s del entrenamiento. Los BCAA en esta proporci\u00f3n espec\u00edfica son ideales para proteger y reforzar la masa magra, ayud\u00e1ndote a mantener y desarrollar tus m\u00fasculos de manera \u00f3ptima.<\/p>\n","protected":false},"featured_media":92,"comment_status":"closed","ping_status":"closed","template":"","meta":[],"product_brand":[],"product_cat":[21],"product_tag":[],"class_list":{"0":"post-91","1":"product","2":"type-product","3":"status-publish","4":"has-post-thumbnail","6":"product_cat-soul-project","8":"first","9":"instock","10":"purchasable","11":"product-type-simple"},"_links":{"self":[{"href":"https:\/\/hypertrophytenerife.es\/index.php?rest_route=\/wp\/v2\/product\/91","targetHints":{"allow":["GET"]}}],"collection":[{"href":"https:\/\/hypertrophytenerife.es\/index.php?rest_route=\/wp\/v2\/product"}],"about":[{"href":"https:\/\/hypertrophytenerife.es\/index.php?rest_route=\/wp\/v2\/types\/product"}],"replies":[{"embeddable":true,"href":"https:\/\/hypertrophytenerife.es\/index.php?rest_route=%2Fwp%2Fv2%2Fcomments&post=91"}],"wp:featuredmedia":[{"embeddable":true,"href":"https:\/\/hypertrophytenerife.es\/index.php?rest_route=\/wp\/v2\/media\/92"}],"wp:attachment":[{"href":"https:\/\/hypertrophytenerife.es\/index.php?rest_route=%2Fwp%2Fv2%2Fmedia&parent=91"}],"wp:term":[{"taxonomy":"product_brand","embeddable":true,"href":"https:\/\/hypertrophytenerife.es\/index.php?rest_route=%2Fwp%2Fv2%2Fproduct_brand&post=91"},{"taxonomy":"product_cat","embeddable":true,"href":"https:\/\/hypertrophytenerife.es\/index.php?rest_route=%2Fwp%2Fv2%2Fproduct_cat&post=91"},{"taxonomy":"product_tag","embeddable":true,"href":"https:\/\/hypertrophytenerife.es\/index.php?rest_route=%2Fwp%2Fv2%2Fproduct_tag&post=91"}],"curies":[{"name":"wp","href":"https:\/\/api.w.org\/{rel}","templated":true}]}}