{"id":95,"date":"2024-01-16T16:13:31","date_gmt":"2024-01-16T16:13:31","guid":{"rendered":"https:\/\/hypertrophytenerife.es\/?product=carni-tropic-pure-3-gr-20-viales-soul-project"},"modified":"2025-10-25T18:24:28","modified_gmt":"2025-10-25T18:24:28","slug":"carni-tropic-pure-3-gr-20-viales-soul-project","status":"publish","type":"product","link":"https:\/\/hypertrophytenerife.es\/?product=carni-tropic-pure-3-gr-20-viales-soul-project","title":{"rendered":"CARNI TROPIC PRO | PURE L-CARNITINE | 20 VIALES"},"content":{"rendered":"","protected":false},"excerpt":{"rendered":"<p><img decoding=\"async\" src=\"https:\/\/www.hypertrophynutrition.com\/img\/m\/4-small_default.jpg\" alt=\"Soul Project\" \/><\/p>\n<p>Desbloquea tu potencial con nuestros viales cargados de energ\u00eda, una potente mezcla de L-carnitina, taurina, colina, t\u00e9 verde, cola de caballo y vitamina B6 con 3000 mg de potencia por vial. Este conjunto \u00fanico de ingredientes trabaja en armon\u00eda para impulsar tu metabolismo y promover la oxidaci\u00f3n de l\u00edpidos, convirti\u00e9ndolos en una fuente de energ\u00eda vital. Con cada vial, aprovechas el papel vital de la L-carnitina en el metabolismo de las grasas, liberando tu verdadero potencial y llevando tu rendimiento al siguiente nivel. \u00a1Prep\u00e1rate para superar tus l\u00edmites y alcanzar tus objetivos con nuestros poderosos viales energ\u00e9ticos!<\/p>\n","protected":false},"featured_media":96,"comment_status":"closed","ping_status":"closed","template":"","meta":[],"product_brand":[],"product_cat":[21],"product_tag":[],"class_list":{"0":"post-95","1":"product","2":"type-product","3":"status-publish","4":"has-post-thumbnail","6":"product_cat-soul-project","8":"first","9":"instock","10":"purchasable","11":"product-type-simple"},"_links":{"self":[{"href":"https:\/\/hypertrophytenerife.es\/index.php?rest_route=\/wp\/v2\/product\/95","targetHints":{"allow":["GET"]}}],"collection":[{"href":"https:\/\/hypertrophytenerife.es\/index.php?rest_route=\/wp\/v2\/product"}],"about":[{"href":"https:\/\/hypertrophytenerife.es\/index.php?rest_route=\/wp\/v2\/types\/product"}],"replies":[{"embeddable":true,"href":"https:\/\/hypertrophytenerife.es\/index.php?rest_route=%2Fwp%2Fv2%2Fcomments&post=95"}],"wp:featuredmedia":[{"embeddable":true,"href":"https:\/\/hypertrophytenerife.es\/index.php?rest_route=\/wp\/v2\/media\/96"}],"wp:attachment":[{"href":"https:\/\/hypertrophytenerife.es\/index.php?rest_route=%2Fwp%2Fv2%2Fmedia&parent=95"}],"wp:term":[{"taxonomy":"product_brand","embeddable":true,"href":"https:\/\/hypertrophytenerife.es\/index.php?rest_route=%2Fwp%2Fv2%2Fproduct_brand&post=95"},{"taxonomy":"product_cat","embeddable":true,"href":"https:\/\/hypertrophytenerife.es\/index.php?rest_route=%2Fwp%2Fv2%2Fproduct_cat&post=95"},{"taxonomy":"product_tag","embeddable":true,"href":"https:\/\/hypertrophytenerife.es\/index.php?rest_route=%2Fwp%2Fv2%2Fproduct_tag&post=95"}],"curies":[{"name":"wp","href":"https:\/\/api.w.org\/{rel}","templated":true}]}}