{"id":99,"date":"2024-01-16T16:13:31","date_gmt":"2024-01-16T16:13:31","guid":{"rendered":"https:\/\/hypertrophytenerife.es\/?product=depoviron-90-cap-soul-project"},"modified":"2025-06-06T09:24:50","modified_gmt":"2025-06-06T09:24:50","slug":"depoviron-90-cap-soul-project","status":"publish","type":"product","link":"https:\/\/hypertrophytenerife.es\/?product=depoviron-90-cap-soul-project","title":{"rendered":"DEPOVIRON  | POTENCIA TESTOSTERONA | 90 C\u00c1PSULAS"},"content":{"rendered":"","protected":false},"excerpt":{"rendered":"<p><img decoding=\"async\" src=\"https:\/\/www.hypertrophynutrition.com\/img\/m\/4-small_default.jpg\" alt=\"Soul Project\" \/><\/p>\n<p>Potencia tus niveles de testosterona de manera natural con nuestras c\u00e1psulas especialmente dise\u00f1adas! Nuestra f\u00f3rmula avanzada combina extractos herbales de alta calidad como maca andina, tribulus terrestris, sabal serrulata y coleus forskohli, junto con amino\u00e1cidos como L-arginina y L-ornitina, adem\u00e1s de vitamina B6 y minerales como magnesio y zinc. Este prohormonal natural favorece la secreci\u00f3n de hormonas anab\u00f3licas de forma end\u00f3gena y natural, ayud\u00e1ndote a maximizar tu potencial muscular y mejorar tu rendimiento f\u00edsico. \u00a1Descubre una nueva dimensi\u00f3n en tu entrenamiento con nuestro elevador de testosterona natural.<\/p>\n","protected":false},"featured_media":100,"comment_status":"closed","ping_status":"closed","template":"","meta":[],"product_brand":[],"product_cat":[21],"product_tag":[],"class_list":{"0":"post-99","1":"product","2":"type-product","3":"status-publish","4":"has-post-thumbnail","6":"product_cat-soul-project","8":"first","9":"instock","10":"purchasable","11":"product-type-simple"},"_links":{"self":[{"href":"https:\/\/hypertrophytenerife.es\/index.php?rest_route=\/wp\/v2\/product\/99","targetHints":{"allow":["GET"]}}],"collection":[{"href":"https:\/\/hypertrophytenerife.es\/index.php?rest_route=\/wp\/v2\/product"}],"about":[{"href":"https:\/\/hypertrophytenerife.es\/index.php?rest_route=\/wp\/v2\/types\/product"}],"replies":[{"embeddable":true,"href":"https:\/\/hypertrophytenerife.es\/index.php?rest_route=%2Fwp%2Fv2%2Fcomments&post=99"}],"wp:featuredmedia":[{"embeddable":true,"href":"https:\/\/hypertrophytenerife.es\/index.php?rest_route=\/wp\/v2\/media\/100"}],"wp:attachment":[{"href":"https:\/\/hypertrophytenerife.es\/index.php?rest_route=%2Fwp%2Fv2%2Fmedia&parent=99"}],"wp:term":[{"taxonomy":"product_brand","embeddable":true,"href":"https:\/\/hypertrophytenerife.es\/index.php?rest_route=%2Fwp%2Fv2%2Fproduct_brand&post=99"},{"taxonomy":"product_cat","embeddable":true,"href":"https:\/\/hypertrophytenerife.es\/index.php?rest_route=%2Fwp%2Fv2%2Fproduct_cat&post=99"},{"taxonomy":"product_tag","embeddable":true,"href":"https:\/\/hypertrophytenerife.es\/index.php?rest_route=%2Fwp%2Fv2%2Fproduct_tag&post=99"}],"curies":[{"name":"wp","href":"https:\/\/api.w.org\/{rel}","templated":true}]}}